{"id":305,"date":"2023-01-18T21:46:33","date_gmt":"2023-01-18T20:46:33","guid":{"rendered":"http:\/\/juliette-massages.fr\/?page_id=305"},"modified":"2023-02-20T22:53:41","modified_gmt":"2023-02-20T21:53:41","slug":"temoignages","status":"publish","type":"page","link":"https:\/\/juliette-massages.fr\/index.php\/temoignages\/","title":{"rendered":"T\u00e9moignages"},"content":{"rendered":"\n<p><strong>Sonia<\/strong> : Je recommande \u00e0 toutes les personnes qui recherchent un moment de bien \u00eatre de prendre rendez-vous avec Juliette. Cette personne a des mains de f\u00e9e et est d&rsquo;une douceur incroyable. Je suis une adepte des massages et pourtant j&rsquo;ai trouv\u00e9 chez Juliette quelque chose de bien particulier. Ses massages sont extraordinaires et vous transportent imm\u00e9diatement dans un \u00e9tat de relaxation totale.<br>J&rsquo;y retournerai avec tr\u00e8s grand plaisir.<\/p>\n\n\n\n<p><strong>Aur\u00e9lie : <\/strong>Un moment tr\u00e8s agr\u00e9able et qui fait tellement de bien ! Juliette sait mettre \u00e0 l&rsquo;aise et est \u00e0 l&rsquo;\u00e9coute des besoins. Merci pour tout. Je recommande !<\/p>\n\n\n\n<p><strong>Lalie : <\/strong>Juliette est accueillante, \u00e0 l&rsquo;\u00e9coute, elle explique tous ce qu&rsquo;elle va faire avant de commencer le soin. Je trouve cela tr\u00e8s bien afin de se d\u00e9tendre un maximum, en aucun cas on est surpris par une manipulation qui pourrait changer de ce qu&rsquo;on a l&rsquo;habitude de recevoir.<br>Je recommande fortement !<\/p>\n\n\n\n<p><strong>Virginie :<\/strong> Par 3 fois , je me suis laiss\u00e9e porter par les conseils et l&rsquo;\u00e9coute de Juliette . Apr\u00e8s 3 massages diff\u00e9rents , mes moments bien \u00eatre se feront sous les doigts de Juliette &#8230; Une personne disponible, pr\u00e9venante et comp\u00e9tente &#8230; Merci Juliette pour ces instants de douceur.<\/p>\n\n\n\n<p><strong>Izabella : <\/strong>J&rsquo;ai ador\u00e9 ce moment ! Je me suis sentie \u00e0 l&rsquo;aise d\u00e8s le d\u00e9but du massage de Juliette. Je suis sortie sereine et d\u00e9tendue apr\u00e8s une heure entre ses mains habiles!<\/p>\n\n\n<div class=\"wp-block-image is-style-rounded\">\n<figure class=\"aligncenter size-large is-resized\"><img loading=\"lazy\" decoding=\"async\" src=\"https:\/\/juliette-massages.fr\/wp-content\/uploads\/2023\/02\/champ-fleurs-du-cosmos-1024x683.jpg\" alt=\"\" class=\"wp-image-421\" width=\"256\" height=\"171\" srcset=\"https:\/\/juliette-massages.fr\/wp-content\/uploads\/2023\/02\/champ-fleurs-du-cosmos-1024x683.jpg 1024w, https:\/\/juliette-massages.fr\/wp-content\/uploads\/2023\/02\/champ-fleurs-du-cosmos-300x200.jpg 300w, https:\/\/juliette-massages.fr\/wp-content\/uploads\/2023\/02\/champ-fleurs-du-cosmos-768x512.jpg 768w, https:\/\/juliette-massages.fr\/wp-content\/uploads\/2023\/02\/champ-fleurs-du-cosmos-1536x1024.jpg 1536w, https:\/\/juliette-massages.fr\/wp-content\/uploads\/2023\/02\/champ-fleurs-du-cosmos-2048x1365.jpg 2048w, https:\/\/juliette-massages.fr\/wp-content\/uploads\/2023\/02\/champ-fleurs-du-cosmos-90x60.jpg 90w, https:\/\/juliette-massages.fr\/wp-content\/uploads\/2023\/02\/champ-fleurs-du-cosmos-800x530.jpg 800w, https:\/\/juliette-massages.fr\/wp-content\/uploads\/2023\/02\/champ-fleurs-du-cosmos-420x280.jpg 420w\" sizes=\"auto, (max-width: 256px) 100vw, 256px\" \/><\/figure>\n<\/div>","protected":false},"excerpt":{"rendered":"<p>Sonia : Je recommande \u00e0 toutes les personnes qui recherchent un moment de bien \u00eatre de prendre rendez-vous avec Juliette. Cette personne a des mains &hellip; <\/p>\n","protected":false},"author":1,"featured_media":0,"parent":0,"menu_order":0,"comment_status":"closed","ping_status":"closed","template":"","meta":{"footnotes":""},"class_list":["post-305","page","type-page","status-publish","hentry","latest_post"],"yoast_head":"<!-- This site is optimized with the Yoast SEO plugin v20.10 - https:\/\/yoast.com\/wordpress\/plugins\/seo\/ -->\n<title>T\u00e9moignages - Les massages de Juliette<\/title>\n<meta name=\"robots\" content=\"index, follow, max-snippet:-1, max-image-preview:large, max-video-preview:-1\" \/>\n<link rel=\"canonical\" href=\"https:\/\/juliette-massages.fr\/index.php\/temoignages\/\" \/>\n<meta property=\"og:locale\" content=\"fr_FR\" \/>\n<meta property=\"og:type\" content=\"article\" \/>\n<meta property=\"og:title\" content=\"T\u00e9moignages - Les massages de Juliette\" \/>\n<meta property=\"og:description\" content=\"Sonia : Je recommande \u00e0 toutes les personnes qui recherchent un moment de bien \u00eatre de prendre rendez-vous avec Juliette. Cette personne a des mains &hellip;\" \/>\n<meta property=\"og:url\" content=\"https:\/\/juliette-massages.fr\/index.php\/temoignages\/\" \/>\n<meta property=\"og:site_name\" content=\"Les massages de Juliette\" \/>\n<meta property=\"article:publisher\" content=\"https:\/\/www.facebook.com\/profile.php?id=100088019510627\" \/>\n<meta property=\"article:modified_time\" content=\"2023-02-20T21:53:41+00:00\" \/>\n<meta property=\"og:image\" content=\"https:\/\/juliette-massages.fr\/wp-content\/uploads\/2023\/02\/champ-fleurs-du-cosmos-1024x683.jpg\" \/>\n<meta name=\"twitter:card\" content=\"summary_large_image\" \/>\n<meta name=\"twitter:label1\" content=\"Dur\u00e9e de lecture estim\u00e9e\" \/>\n\t<meta name=\"twitter:data1\" content=\"1 minute\" \/>\n<script type=\"application\/ld+json\" class=\"yoast-schema-graph\">{\"@context\":\"https:\/\/schema.org\",\"@graph\":[{\"@type\":\"WebPage\",\"@id\":\"https:\/\/juliette-massages.fr\/index.php\/temoignages\/\",\"url\":\"https:\/\/juliette-massages.fr\/index.php\/temoignages\/\",\"name\":\"T\u00e9moignages - Les massages de Juliette\",\"isPartOf\":{\"@id\":\"https:\/\/juliette-massages.fr\/#website\"},\"datePublished\":\"2023-01-18T20:46:33+00:00\",\"dateModified\":\"2023-02-20T21:53:41+00:00\",\"breadcrumb\":{\"@id\":\"https:\/\/juliette-massages.fr\/index.php\/temoignages\/#breadcrumb\"},\"inLanguage\":\"fr-FR\",\"potentialAction\":[{\"@type\":\"ReadAction\",\"target\":[\"https:\/\/juliette-massages.fr\/index.php\/temoignages\/\"]}]},{\"@type\":\"BreadcrumbList\",\"@id\":\"https:\/\/juliette-massages.fr\/index.php\/temoignages\/#breadcrumb\",\"itemListElement\":[{\"@type\":\"ListItem\",\"position\":1,\"name\":\"Accueil\",\"item\":\"https:\/\/juliette-massages.fr\/\"},{\"@type\":\"ListItem\",\"position\":2,\"name\":\"T\u00e9moignages\"}]},{\"@type\":\"WebSite\",\"@id\":\"https:\/\/juliette-massages.fr\/#website\",\"url\":\"https:\/\/juliette-massages.fr\/\",\"name\":\"Juliette-massages\",\"description\":\"Massages Bien \u00eatre\",\"publisher\":{\"@id\":\"https:\/\/juliette-massages.fr\/#organization\"},\"potentialAction\":[{\"@type\":\"SearchAction\",\"target\":{\"@type\":\"EntryPoint\",\"urlTemplate\":\"https:\/\/juliette-massages.fr\/?s={search_term_string}\"},\"query-input\":\"required name=search_term_string\"}],\"inLanguage\":\"fr-FR\"},{\"@type\":\"Organization\",\"@id\":\"https:\/\/juliette-massages.fr\/#organization\",\"name\":\"Les massages de Juliette\",\"url\":\"https:\/\/juliette-massages.fr\/\",\"logo\":{\"@type\":\"ImageObject\",\"inLanguage\":\"fr-FR\",\"@id\":\"https:\/\/juliette-massages.fr\/#\/schema\/logo\/image\/\",\"url\":\"https:\/\/juliette-massages.fr\/wp-content\/uploads\/2023\/01\/Logo-entete-site.png\",\"contentUrl\":\"https:\/\/juliette-massages.fr\/wp-content\/uploads\/2023\/01\/Logo-entete-site.png\",\"width\":2400,\"height\":400,\"caption\":\"Les massages de Juliette\"},\"image\":{\"@id\":\"https:\/\/juliette-massages.fr\/#\/schema\/logo\/image\/\"},\"sameAs\":[\"https:\/\/www.facebook.com\/profile.php?id=100088019510627\"]}]}<\/script>\n<!-- \/ Yoast SEO plugin. -->","yoast_head_json":{"title":"T\u00e9moignages - Les massages de Juliette","robots":{"index":"index","follow":"follow","max-snippet":"max-snippet:-1","max-image-preview":"max-image-preview:large","max-video-preview":"max-video-preview:-1"},"canonical":"https:\/\/juliette-massages.fr\/index.php\/temoignages\/","og_locale":"fr_FR","og_type":"article","og_title":"T\u00e9moignages - Les massages de Juliette","og_description":"Sonia : Je recommande \u00e0 toutes les personnes qui recherchent un moment de bien \u00eatre de prendre rendez-vous avec Juliette. Cette personne a des mains &hellip;","og_url":"https:\/\/juliette-massages.fr\/index.php\/temoignages\/","og_site_name":"Les massages de Juliette","article_publisher":"https:\/\/www.facebook.com\/profile.php?id=100088019510627","article_modified_time":"2023-02-20T21:53:41+00:00","og_image":[{"url":"https:\/\/juliette-massages.fr\/wp-content\/uploads\/2023\/02\/champ-fleurs-du-cosmos-1024x683.jpg"}],"twitter_card":"summary_large_image","twitter_misc":{"Dur\u00e9e de lecture estim\u00e9e":"1 minute"},"schema":{"@context":"https:\/\/schema.org","@graph":[{"@type":"WebPage","@id":"https:\/\/juliette-massages.fr\/index.php\/temoignages\/","url":"https:\/\/juliette-massages.fr\/index.php\/temoignages\/","name":"T\u00e9moignages - Les massages de Juliette","isPartOf":{"@id":"https:\/\/juliette-massages.fr\/#website"},"datePublished":"2023-01-18T20:46:33+00:00","dateModified":"2023-02-20T21:53:41+00:00","breadcrumb":{"@id":"https:\/\/juliette-massages.fr\/index.php\/temoignages\/#breadcrumb"},"inLanguage":"fr-FR","potentialAction":[{"@type":"ReadAction","target":["https:\/\/juliette-massages.fr\/index.php\/temoignages\/"]}]},{"@type":"BreadcrumbList","@id":"https:\/\/juliette-massages.fr\/index.php\/temoignages\/#breadcrumb","itemListElement":[{"@type":"ListItem","position":1,"name":"Accueil","item":"https:\/\/juliette-massages.fr\/"},{"@type":"ListItem","position":2,"name":"T\u00e9moignages"}]},{"@type":"WebSite","@id":"https:\/\/juliette-massages.fr\/#website","url":"https:\/\/juliette-massages.fr\/","name":"Juliette-massages","description":"Massages Bien \u00eatre","publisher":{"@id":"https:\/\/juliette-massages.fr\/#organization"},"potentialAction":[{"@type":"SearchAction","target":{"@type":"EntryPoint","urlTemplate":"https:\/\/juliette-massages.fr\/?s={search_term_string}"},"query-input":"required name=search_term_string"}],"inLanguage":"fr-FR"},{"@type":"Organization","@id":"https:\/\/juliette-massages.fr\/#organization","name":"Les massages de Juliette","url":"https:\/\/juliette-massages.fr\/","logo":{"@type":"ImageObject","inLanguage":"fr-FR","@id":"https:\/\/juliette-massages.fr\/#\/schema\/logo\/image\/","url":"https:\/\/juliette-massages.fr\/wp-content\/uploads\/2023\/01\/Logo-entete-site.png","contentUrl":"https:\/\/juliette-massages.fr\/wp-content\/uploads\/2023\/01\/Logo-entete-site.png","width":2400,"height":400,"caption":"Les massages de Juliette"},"image":{"@id":"https:\/\/juliette-massages.fr\/#\/schema\/logo\/image\/"},"sameAs":["https:\/\/www.facebook.com\/profile.php?id=100088019510627"]}]}},"_links":{"self":[{"href":"https:\/\/juliette-massages.fr\/index.php\/wp-json\/wp\/v2\/pages\/305","targetHints":{"allow":["GET"]}}],"collection":[{"href":"https:\/\/juliette-massages.fr\/index.php\/wp-json\/wp\/v2\/pages"}],"about":[{"href":"https:\/\/juliette-massages.fr\/index.php\/wp-json\/wp\/v2\/types\/page"}],"author":[{"embeddable":true,"href":"https:\/\/juliette-massages.fr\/index.php\/wp-json\/wp\/v2\/users\/1"}],"replies":[{"embeddable":true,"href":"https:\/\/juliette-massages.fr\/index.php\/wp-json\/wp\/v2\/comments?post=305"}],"version-history":[{"count":7,"href":"https:\/\/juliette-massages.fr\/index.php\/wp-json\/wp\/v2\/pages\/305\/revisions"}],"predecessor-version":[{"id":422,"href":"https:\/\/juliette-massages.fr\/index.php\/wp-json\/wp\/v2\/pages\/305\/revisions\/422"}],"wp:attachment":[{"href":"https:\/\/juliette-massages.fr\/index.php\/wp-json\/wp\/v2\/media?parent=305"}],"curies":[{"name":"wp","href":"https:\/\/api.w.org\/{rel}","templated":true}]}}