{"id":179,"date":"2022-11-02T21:18:15","date_gmt":"2022-11-02T20:18:15","guid":{"rendered":"http:\/\/juliette-massages.fr\/?page_id=179"},"modified":"2023-02-20T22:39:54","modified_gmt":"2023-02-20T21:39:54","slug":"qui-suis-je","status":"publish","type":"page","link":"https:\/\/juliette-massages.fr\/index.php\/qui-suis-je\/","title":{"rendered":"Qui suis-je ?"},"content":{"rendered":"\n<p>Je m&rsquo;appelle Juliette, je suis praticienne en massage bien \u00eatre.<\/p>\n\n\n\n<p>J&rsquo;ai travaill\u00e9 plusieurs ann\u00e9es en tant qu&rsquo;auxiliaire de pu\u00e9riculture aupr\u00e8s des jeunes enfants. Prendre soin est au c\u0153ur de mes pr\u00e9occupations. Tr\u00e8s vite, l&rsquo;importance du sens du toucher chez les nouveaux n\u00e9s a pris tout son sens : c&rsquo;est un besoin vital essentiel au d\u00e9veloppement physique, mental et \u00e9motionnel de l&rsquo;\u00eatre humain. Dans nos soci\u00e9t\u00e9s occidentales, nous oublions que ce besoin est essentiel tout au long de la vie, et pas seulement pour les nouveaux n\u00e9s. Et pourtant, le toucher par le massage est une forme de relaxation qui procure une d\u00e9tente profonde et compl\u00e8te, un l\u00e2cher prise total, une reconnexion \u00e0 soi.  <\/p>\n\n\n\n<p>Mon souhait aujourd&rsquo;hui est de rendre accessible le bien \u00eatre par le massage au plus grand nombre.<\/p>\n\n\n\n<p>Et si vous vous autorisiez une pause dans le tourbillon de votre quotidien? <\/p>\n\n\n\n<p><\/p>\n\n\n<div class=\"wp-block-image is-style-rounded\">\n<figure class=\"aligncenter size-large is-resized\"><img loading=\"lazy\" decoding=\"async\" src=\"https:\/\/juliette-massages.fr\/wp-content\/uploads\/2023\/02\/belle-vue-lumiere-du-matin-1024x1024.jpg\" alt=\"\" class=\"wp-image-409\" width=\"256\" height=\"256\" srcset=\"https:\/\/juliette-massages.fr\/wp-content\/uploads\/2023\/02\/belle-vue-lumiere-du-matin-1024x1024.jpg 1024w, https:\/\/juliette-massages.fr\/wp-content\/uploads\/2023\/02\/belle-vue-lumiere-du-matin-300x300.jpg 300w, https:\/\/juliette-massages.fr\/wp-content\/uploads\/2023\/02\/belle-vue-lumiere-du-matin-150x150.jpg 150w, https:\/\/juliette-massages.fr\/wp-content\/uploads\/2023\/02\/belle-vue-lumiere-du-matin-768x768.jpg 768w, https:\/\/juliette-massages.fr\/wp-content\/uploads\/2023\/02\/belle-vue-lumiere-du-matin-1536x1536.jpg 1536w, https:\/\/juliette-massages.fr\/wp-content\/uploads\/2023\/02\/belle-vue-lumiere-du-matin-2048x2048.jpg 2048w, https:\/\/juliette-massages.fr\/wp-content\/uploads\/2023\/02\/belle-vue-lumiere-du-matin-60x60.jpg 60w\" sizes=\"auto, (max-width: 256px) 100vw, 256px\" \/><\/figure>\n<\/div>","protected":false},"excerpt":{"rendered":"<p>Je m&rsquo;appelle Juliette, je suis praticienne en massage bien \u00eatre. J&rsquo;ai travaill\u00e9 plusieurs ann\u00e9es en tant qu&rsquo;auxiliaire de pu\u00e9riculture aupr\u00e8s des jeunes enfants. Prendre soin &hellip; <\/p>\n","protected":false},"author":1,"featured_media":0,"parent":0,"menu_order":0,"comment_status":"closed","ping_status":"closed","template":"","meta":{"footnotes":""},"class_list":["post-179","page","type-page","status-publish","hentry","latest_post"],"yoast_head":"<!-- This site is optimized with the Yoast SEO plugin v20.10 - https:\/\/yoast.com\/wordpress\/plugins\/seo\/ -->\n<title>Qui suis-je ? - Les massages de Juliette<\/title>\n<meta name=\"robots\" content=\"index, follow, max-snippet:-1, max-image-preview:large, max-video-preview:-1\" \/>\n<link rel=\"canonical\" href=\"https:\/\/juliette-massages.fr\/index.php\/qui-suis-je\/\" \/>\n<meta property=\"og:locale\" content=\"fr_FR\" \/>\n<meta property=\"og:type\" content=\"article\" \/>\n<meta property=\"og:title\" content=\"Qui suis-je ? - Les massages de Juliette\" \/>\n<meta property=\"og:description\" content=\"Je m&rsquo;appelle Juliette, je suis praticienne en massage bien \u00eatre. J&rsquo;ai travaill\u00e9 plusieurs ann\u00e9es en tant qu&rsquo;auxiliaire de pu\u00e9riculture aupr\u00e8s des jeunes enfants. Prendre soin &hellip;\" \/>\n<meta property=\"og:url\" content=\"https:\/\/juliette-massages.fr\/index.php\/qui-suis-je\/\" \/>\n<meta property=\"og:site_name\" content=\"Les massages de Juliette\" \/>\n<meta property=\"article:publisher\" content=\"https:\/\/www.facebook.com\/profile.php?id=100088019510627\" \/>\n<meta property=\"article:modified_time\" content=\"2023-02-20T21:39:54+00:00\" \/>\n<meta property=\"og:image\" content=\"https:\/\/juliette-massages.fr\/wp-content\/uploads\/2023\/02\/belle-vue-lumiere-du-matin-1024x1024.jpg\" \/>\n<meta name=\"twitter:card\" content=\"summary_large_image\" \/>\n<meta name=\"twitter:label1\" content=\"Dur\u00e9e de lecture estim\u00e9e\" \/>\n\t<meta name=\"twitter:data1\" content=\"1 minute\" \/>\n<script type=\"application\/ld+json\" class=\"yoast-schema-graph\">{\"@context\":\"https:\/\/schema.org\",\"@graph\":[{\"@type\":\"WebPage\",\"@id\":\"https:\/\/juliette-massages.fr\/index.php\/qui-suis-je\/\",\"url\":\"https:\/\/juliette-massages.fr\/index.php\/qui-suis-je\/\",\"name\":\"Qui suis-je ? - Les massages de Juliette\",\"isPartOf\":{\"@id\":\"https:\/\/juliette-massages.fr\/#website\"},\"datePublished\":\"2022-11-02T20:18:15+00:00\",\"dateModified\":\"2023-02-20T21:39:54+00:00\",\"breadcrumb\":{\"@id\":\"https:\/\/juliette-massages.fr\/index.php\/qui-suis-je\/#breadcrumb\"},\"inLanguage\":\"fr-FR\",\"potentialAction\":[{\"@type\":\"ReadAction\",\"target\":[\"https:\/\/juliette-massages.fr\/index.php\/qui-suis-je\/\"]}]},{\"@type\":\"BreadcrumbList\",\"@id\":\"https:\/\/juliette-massages.fr\/index.php\/qui-suis-je\/#breadcrumb\",\"itemListElement\":[{\"@type\":\"ListItem\",\"position\":1,\"name\":\"Accueil\",\"item\":\"https:\/\/juliette-massages.fr\/\"},{\"@type\":\"ListItem\",\"position\":2,\"name\":\"Qui suis-je ?\"}]},{\"@type\":\"WebSite\",\"@id\":\"https:\/\/juliette-massages.fr\/#website\",\"url\":\"https:\/\/juliette-massages.fr\/\",\"name\":\"Juliette-massages\",\"description\":\"Massages Bien \u00eatre\",\"publisher\":{\"@id\":\"https:\/\/juliette-massages.fr\/#organization\"},\"potentialAction\":[{\"@type\":\"SearchAction\",\"target\":{\"@type\":\"EntryPoint\",\"urlTemplate\":\"https:\/\/juliette-massages.fr\/?s={search_term_string}\"},\"query-input\":\"required name=search_term_string\"}],\"inLanguage\":\"fr-FR\"},{\"@type\":\"Organization\",\"@id\":\"https:\/\/juliette-massages.fr\/#organization\",\"name\":\"Les massages de Juliette\",\"url\":\"https:\/\/juliette-massages.fr\/\",\"logo\":{\"@type\":\"ImageObject\",\"inLanguage\":\"fr-FR\",\"@id\":\"https:\/\/juliette-massages.fr\/#\/schema\/logo\/image\/\",\"url\":\"https:\/\/juliette-massages.fr\/wp-content\/uploads\/2023\/01\/Logo-entete-site.png\",\"contentUrl\":\"https:\/\/juliette-massages.fr\/wp-content\/uploads\/2023\/01\/Logo-entete-site.png\",\"width\":2400,\"height\":400,\"caption\":\"Les massages de Juliette\"},\"image\":{\"@id\":\"https:\/\/juliette-massages.fr\/#\/schema\/logo\/image\/\"},\"sameAs\":[\"https:\/\/www.facebook.com\/profile.php?id=100088019510627\"]}]}<\/script>\n<!-- \/ Yoast SEO plugin. -->","yoast_head_json":{"title":"Qui suis-je ? - Les massages de Juliette","robots":{"index":"index","follow":"follow","max-snippet":"max-snippet:-1","max-image-preview":"max-image-preview:large","max-video-preview":"max-video-preview:-1"},"canonical":"https:\/\/juliette-massages.fr\/index.php\/qui-suis-je\/","og_locale":"fr_FR","og_type":"article","og_title":"Qui suis-je ? - Les massages de Juliette","og_description":"Je m&rsquo;appelle Juliette, je suis praticienne en massage bien \u00eatre. J&rsquo;ai travaill\u00e9 plusieurs ann\u00e9es en tant qu&rsquo;auxiliaire de pu\u00e9riculture aupr\u00e8s des jeunes enfants. Prendre soin &hellip;","og_url":"https:\/\/juliette-massages.fr\/index.php\/qui-suis-je\/","og_site_name":"Les massages de Juliette","article_publisher":"https:\/\/www.facebook.com\/profile.php?id=100088019510627","article_modified_time":"2023-02-20T21:39:54+00:00","og_image":[{"url":"https:\/\/juliette-massages.fr\/wp-content\/uploads\/2023\/02\/belle-vue-lumiere-du-matin-1024x1024.jpg"}],"twitter_card":"summary_large_image","twitter_misc":{"Dur\u00e9e de lecture estim\u00e9e":"1 minute"},"schema":{"@context":"https:\/\/schema.org","@graph":[{"@type":"WebPage","@id":"https:\/\/juliette-massages.fr\/index.php\/qui-suis-je\/","url":"https:\/\/juliette-massages.fr\/index.php\/qui-suis-je\/","name":"Qui suis-je ? - Les massages de Juliette","isPartOf":{"@id":"https:\/\/juliette-massages.fr\/#website"},"datePublished":"2022-11-02T20:18:15+00:00","dateModified":"2023-02-20T21:39:54+00:00","breadcrumb":{"@id":"https:\/\/juliette-massages.fr\/index.php\/qui-suis-je\/#breadcrumb"},"inLanguage":"fr-FR","potentialAction":[{"@type":"ReadAction","target":["https:\/\/juliette-massages.fr\/index.php\/qui-suis-je\/"]}]},{"@type":"BreadcrumbList","@id":"https:\/\/juliette-massages.fr\/index.php\/qui-suis-je\/#breadcrumb","itemListElement":[{"@type":"ListItem","position":1,"name":"Accueil","item":"https:\/\/juliette-massages.fr\/"},{"@type":"ListItem","position":2,"name":"Qui suis-je ?"}]},{"@type":"WebSite","@id":"https:\/\/juliette-massages.fr\/#website","url":"https:\/\/juliette-massages.fr\/","name":"Juliette-massages","description":"Massages Bien \u00eatre","publisher":{"@id":"https:\/\/juliette-massages.fr\/#organization"},"potentialAction":[{"@type":"SearchAction","target":{"@type":"EntryPoint","urlTemplate":"https:\/\/juliette-massages.fr\/?s={search_term_string}"},"query-input":"required name=search_term_string"}],"inLanguage":"fr-FR"},{"@type":"Organization","@id":"https:\/\/juliette-massages.fr\/#organization","name":"Les massages de Juliette","url":"https:\/\/juliette-massages.fr\/","logo":{"@type":"ImageObject","inLanguage":"fr-FR","@id":"https:\/\/juliette-massages.fr\/#\/schema\/logo\/image\/","url":"https:\/\/juliette-massages.fr\/wp-content\/uploads\/2023\/01\/Logo-entete-site.png","contentUrl":"https:\/\/juliette-massages.fr\/wp-content\/uploads\/2023\/01\/Logo-entete-site.png","width":2400,"height":400,"caption":"Les massages de Juliette"},"image":{"@id":"https:\/\/juliette-massages.fr\/#\/schema\/logo\/image\/"},"sameAs":["https:\/\/www.facebook.com\/profile.php?id=100088019510627"]}]}},"_links":{"self":[{"href":"https:\/\/juliette-massages.fr\/index.php\/wp-json\/wp\/v2\/pages\/179","targetHints":{"allow":["GET"]}}],"collection":[{"href":"https:\/\/juliette-massages.fr\/index.php\/wp-json\/wp\/v2\/pages"}],"about":[{"href":"https:\/\/juliette-massages.fr\/index.php\/wp-json\/wp\/v2\/types\/page"}],"author":[{"embeddable":true,"href":"https:\/\/juliette-massages.fr\/index.php\/wp-json\/wp\/v2\/users\/1"}],"replies":[{"embeddable":true,"href":"https:\/\/juliette-massages.fr\/index.php\/wp-json\/wp\/v2\/comments?post=179"}],"version-history":[{"count":5,"href":"https:\/\/juliette-massages.fr\/index.php\/wp-json\/wp\/v2\/pages\/179\/revisions"}],"predecessor-version":[{"id":411,"href":"https:\/\/juliette-massages.fr\/index.php\/wp-json\/wp\/v2\/pages\/179\/revisions\/411"}],"wp:attachment":[{"href":"https:\/\/juliette-massages.fr\/index.php\/wp-json\/wp\/v2\/media?parent=179"}],"curies":[{"name":"wp","href":"https:\/\/api.w.org\/{rel}","templated":true}]}}