{"id":147,"date":"2022-11-02T19:55:20","date_gmt":"2022-11-02T18:55:20","guid":{"rendered":"http:\/\/juliette-massages.fr\/?page_id=147"},"modified":"2023-02-20T22:01:14","modified_gmt":"2023-02-20T21:01:14","slug":"femme-enceinte-2","status":"publish","type":"page","link":"https:\/\/juliette-massages.fr\/index.php\/femme-enceinte-2\/","title":{"rendered":"Femme enceinte"},"content":{"rendered":"\n<p><strong><mark style=\"background-color:rgba(0, 0, 0, 0)\" class=\"has-inline-color has-vivid-cyan-blue-color\">Du 4\u00e8me mois au 8\u00e8me mois <\/mark><\/strong><\/p>\n\n\n\n<p>Massage de d\u00e9tente de l&rsquo;ensemble du corps avec une attention particuli\u00e8re sur les zones tr\u00e8s sollicit\u00e9es pendant la grossesse. <\/p>\n\n\n\n<p>Aucune utilisation d&rsquo;huile essentielle. <\/p>\n\n\n\n<p><mark style=\"background-color:rgba(0, 0, 0, 0)\" class=\"has-inline-color has-vivid-cyan-blue-color\">1 heure<\/mark> <mark style=\"background-color:rgba(0, 0, 0, 0)\" class=\"has-inline-color has-vivid-cyan-blue-color\">\/ 60 euros<\/mark><\/p>\n\n\n<div class=\"wp-block-image is-style-rounded\">\n<figure class=\"aligncenter size-full is-resized\"><img loading=\"lazy\" decoding=\"async\" src=\"http:\/\/juliette-massages.fr\/wp-content\/uploads\/2022\/11\/Femmeenceinte.jpg\" alt=\"\" class=\"wp-image-189\" width=\"250\" height=\"250\" srcset=\"https:\/\/juliette-massages.fr\/wp-content\/uploads\/2022\/11\/Femmeenceinte.jpg 1000w, https:\/\/juliette-massages.fr\/wp-content\/uploads\/2022\/11\/Femmeenceinte-300x300.jpg 300w, https:\/\/juliette-massages.fr\/wp-content\/uploads\/2022\/11\/Femmeenceinte-150x150.jpg 150w, https:\/\/juliette-massages.fr\/wp-content\/uploads\/2022\/11\/Femmeenceinte-768x768.jpg 768w, https:\/\/juliette-massages.fr\/wp-content\/uploads\/2022\/11\/Femmeenceinte-60x60.jpg 60w\" sizes=\"auto, (max-width: 250px) 100vw, 250px\" \/><\/figure>\n<\/div>","protected":false},"excerpt":{"rendered":"<p>Du 4\u00e8me mois au 8\u00e8me mois Massage de d\u00e9tente de l&rsquo;ensemble du corps avec une attention particuli\u00e8re sur les zones tr\u00e8s sollicit\u00e9es pendant la grossesse. &hellip; <\/p>\n","protected":false},"author":1,"featured_media":0,"parent":0,"menu_order":0,"comment_status":"closed","ping_status":"closed","template":"","meta":{"footnotes":""},"class_list":["post-147","page","type-page","status-publish","hentry","latest_post"],"yoast_head":"<!-- This site is optimized with the Yoast SEO plugin v20.10 - https:\/\/yoast.com\/wordpress\/plugins\/seo\/ -->\n<title>Femme enceinte - Les massages de Juliette<\/title>\n<meta name=\"robots\" content=\"index, follow, max-snippet:-1, max-image-preview:large, max-video-preview:-1\" \/>\n<link rel=\"canonical\" href=\"https:\/\/juliette-massages.fr\/index.php\/femme-enceinte-2\/\" \/>\n<meta property=\"og:locale\" content=\"fr_FR\" \/>\n<meta property=\"og:type\" content=\"article\" \/>\n<meta property=\"og:title\" content=\"Femme enceinte - Les massages de Juliette\" \/>\n<meta property=\"og:description\" content=\"Du 4\u00e8me mois au 8\u00e8me mois Massage de d\u00e9tente de l&rsquo;ensemble du corps avec une attention particuli\u00e8re sur les zones tr\u00e8s sollicit\u00e9es pendant la grossesse. &hellip;\" \/>\n<meta property=\"og:url\" content=\"https:\/\/juliette-massages.fr\/index.php\/femme-enceinte-2\/\" \/>\n<meta property=\"og:site_name\" content=\"Les massages de Juliette\" \/>\n<meta property=\"article:publisher\" content=\"https:\/\/www.facebook.com\/profile.php?id=100088019510627\" \/>\n<meta property=\"article:modified_time\" content=\"2023-02-20T21:01:14+00:00\" \/>\n<meta property=\"og:image\" content=\"http:\/\/juliette-massages.fr\/wp-content\/uploads\/2022\/11\/Femmeenceinte.jpg\" \/>\n<meta name=\"twitter:card\" content=\"summary_large_image\" \/>\n<script type=\"application\/ld+json\" class=\"yoast-schema-graph\">{\"@context\":\"https:\/\/schema.org\",\"@graph\":[{\"@type\":\"WebPage\",\"@id\":\"https:\/\/juliette-massages.fr\/index.php\/femme-enceinte-2\/\",\"url\":\"https:\/\/juliette-massages.fr\/index.php\/femme-enceinte-2\/\",\"name\":\"Femme enceinte - Les massages de Juliette\",\"isPartOf\":{\"@id\":\"https:\/\/juliette-massages.fr\/#website\"},\"datePublished\":\"2022-11-02T18:55:20+00:00\",\"dateModified\":\"2023-02-20T21:01:14+00:00\",\"breadcrumb\":{\"@id\":\"https:\/\/juliette-massages.fr\/index.php\/femme-enceinte-2\/#breadcrumb\"},\"inLanguage\":\"fr-FR\",\"potentialAction\":[{\"@type\":\"ReadAction\",\"target\":[\"https:\/\/juliette-massages.fr\/index.php\/femme-enceinte-2\/\"]}]},{\"@type\":\"BreadcrumbList\",\"@id\":\"https:\/\/juliette-massages.fr\/index.php\/femme-enceinte-2\/#breadcrumb\",\"itemListElement\":[{\"@type\":\"ListItem\",\"position\":1,\"name\":\"Accueil\",\"item\":\"https:\/\/juliette-massages.fr\/\"},{\"@type\":\"ListItem\",\"position\":2,\"name\":\"Femme enceinte\"}]},{\"@type\":\"WebSite\",\"@id\":\"https:\/\/juliette-massages.fr\/#website\",\"url\":\"https:\/\/juliette-massages.fr\/\",\"name\":\"Juliette-massages\",\"description\":\"Massages Bien \u00eatre\",\"publisher\":{\"@id\":\"https:\/\/juliette-massages.fr\/#organization\"},\"potentialAction\":[{\"@type\":\"SearchAction\",\"target\":{\"@type\":\"EntryPoint\",\"urlTemplate\":\"https:\/\/juliette-massages.fr\/?s={search_term_string}\"},\"query-input\":\"required name=search_term_string\"}],\"inLanguage\":\"fr-FR\"},{\"@type\":\"Organization\",\"@id\":\"https:\/\/juliette-massages.fr\/#organization\",\"name\":\"Les massages de Juliette\",\"url\":\"https:\/\/juliette-massages.fr\/\",\"logo\":{\"@type\":\"ImageObject\",\"inLanguage\":\"fr-FR\",\"@id\":\"https:\/\/juliette-massages.fr\/#\/schema\/logo\/image\/\",\"url\":\"https:\/\/juliette-massages.fr\/wp-content\/uploads\/2023\/01\/Logo-entete-site.png\",\"contentUrl\":\"https:\/\/juliette-massages.fr\/wp-content\/uploads\/2023\/01\/Logo-entete-site.png\",\"width\":2400,\"height\":400,\"caption\":\"Les massages de Juliette\"},\"image\":{\"@id\":\"https:\/\/juliette-massages.fr\/#\/schema\/logo\/image\/\"},\"sameAs\":[\"https:\/\/www.facebook.com\/profile.php?id=100088019510627\"]}]}<\/script>\n<!-- \/ Yoast SEO plugin. -->","yoast_head_json":{"title":"Femme enceinte - Les massages de Juliette","robots":{"index":"index","follow":"follow","max-snippet":"max-snippet:-1","max-image-preview":"max-image-preview:large","max-video-preview":"max-video-preview:-1"},"canonical":"https:\/\/juliette-massages.fr\/index.php\/femme-enceinte-2\/","og_locale":"fr_FR","og_type":"article","og_title":"Femme enceinte - Les massages de Juliette","og_description":"Du 4\u00e8me mois au 8\u00e8me mois Massage de d\u00e9tente de l&rsquo;ensemble du corps avec une attention particuli\u00e8re sur les zones tr\u00e8s sollicit\u00e9es pendant la grossesse. &hellip;","og_url":"https:\/\/juliette-massages.fr\/index.php\/femme-enceinte-2\/","og_site_name":"Les massages de Juliette","article_publisher":"https:\/\/www.facebook.com\/profile.php?id=100088019510627","article_modified_time":"2023-02-20T21:01:14+00:00","og_image":[{"url":"http:\/\/juliette-massages.fr\/wp-content\/uploads\/2022\/11\/Femmeenceinte.jpg"}],"twitter_card":"summary_large_image","schema":{"@context":"https:\/\/schema.org","@graph":[{"@type":"WebPage","@id":"https:\/\/juliette-massages.fr\/index.php\/femme-enceinte-2\/","url":"https:\/\/juliette-massages.fr\/index.php\/femme-enceinte-2\/","name":"Femme enceinte - Les massages de Juliette","isPartOf":{"@id":"https:\/\/juliette-massages.fr\/#website"},"datePublished":"2022-11-02T18:55:20+00:00","dateModified":"2023-02-20T21:01:14+00:00","breadcrumb":{"@id":"https:\/\/juliette-massages.fr\/index.php\/femme-enceinte-2\/#breadcrumb"},"inLanguage":"fr-FR","potentialAction":[{"@type":"ReadAction","target":["https:\/\/juliette-massages.fr\/index.php\/femme-enceinte-2\/"]}]},{"@type":"BreadcrumbList","@id":"https:\/\/juliette-massages.fr\/index.php\/femme-enceinte-2\/#breadcrumb","itemListElement":[{"@type":"ListItem","position":1,"name":"Accueil","item":"https:\/\/juliette-massages.fr\/"},{"@type":"ListItem","position":2,"name":"Femme enceinte"}]},{"@type":"WebSite","@id":"https:\/\/juliette-massages.fr\/#website","url":"https:\/\/juliette-massages.fr\/","name":"Juliette-massages","description":"Massages Bien \u00eatre","publisher":{"@id":"https:\/\/juliette-massages.fr\/#organization"},"potentialAction":[{"@type":"SearchAction","target":{"@type":"EntryPoint","urlTemplate":"https:\/\/juliette-massages.fr\/?s={search_term_string}"},"query-input":"required name=search_term_string"}],"inLanguage":"fr-FR"},{"@type":"Organization","@id":"https:\/\/juliette-massages.fr\/#organization","name":"Les massages de Juliette","url":"https:\/\/juliette-massages.fr\/","logo":{"@type":"ImageObject","inLanguage":"fr-FR","@id":"https:\/\/juliette-massages.fr\/#\/schema\/logo\/image\/","url":"https:\/\/juliette-massages.fr\/wp-content\/uploads\/2023\/01\/Logo-entete-site.png","contentUrl":"https:\/\/juliette-massages.fr\/wp-content\/uploads\/2023\/01\/Logo-entete-site.png","width":2400,"height":400,"caption":"Les massages de Juliette"},"image":{"@id":"https:\/\/juliette-massages.fr\/#\/schema\/logo\/image\/"},"sameAs":["https:\/\/www.facebook.com\/profile.php?id=100088019510627"]}]}},"_links":{"self":[{"href":"https:\/\/juliette-massages.fr\/index.php\/wp-json\/wp\/v2\/pages\/147","targetHints":{"allow":["GET"]}}],"collection":[{"href":"https:\/\/juliette-massages.fr\/index.php\/wp-json\/wp\/v2\/pages"}],"about":[{"href":"https:\/\/juliette-massages.fr\/index.php\/wp-json\/wp\/v2\/types\/page"}],"author":[{"embeddable":true,"href":"https:\/\/juliette-massages.fr\/index.php\/wp-json\/wp\/v2\/users\/1"}],"replies":[{"embeddable":true,"href":"https:\/\/juliette-massages.fr\/index.php\/wp-json\/wp\/v2\/comments?post=147"}],"version-history":[{"count":7,"href":"https:\/\/juliette-massages.fr\/index.php\/wp-json\/wp\/v2\/pages\/147\/revisions"}],"predecessor-version":[{"id":402,"href":"https:\/\/juliette-massages.fr\/index.php\/wp-json\/wp\/v2\/pages\/147\/revisions\/402"}],"wp:attachment":[{"href":"https:\/\/juliette-massages.fr\/index.php\/wp-json\/wp\/v2\/media?parent=147"}],"curies":[{"name":"wp","href":"https:\/\/api.w.org\/{rel}","templated":true}]}}